{"id":25833847,"date":"2025-03-21T23:11:58","date_gmt":"2025-03-21T22:11:58","guid":{"rendered":"https:\/\/guercifish.appoostar.com\/?page_id=25833847"},"modified":"2026-02-02T17:31:08","modified_gmt":"2026-02-02T16:31:08","slug":"prodotti","status":"publish","type":"page","link":"https:\/\/gruppoguerci.it\/index.php\/prodotti\/","title":{"rendered":"prodotti"},"content":{"rendered":"<p>[et_pb_section fb_built=&#8221;1&#8243; fullwidth=&#8221;on&#8221; _builder_version=&#8221;4.27.4&#8243; _module_preset=&#8221;default&#8221; global_colors_info=&#8221;{}&#8221;][et_pb_fullwidth_header title=&#8221;ASPETTA&#8221; subhead=&#8221;Il nostro mare non ha fretta, e nemmeno noi. Alcuni dei nostri prodotti arrivano solo quando il pescato locale lo permette. Perch\u00e9 la freschezza vera non si forza: si aspetta. E quando arriva\u2026 ne vale la pena.&#8221; header_fullscreen=&#8221;on&#8221; header_scroll_down=&#8221;on&#8221; scroll_down_icon_color=&#8221;#367da3&#8243; scroll_down_icon_size_tablet=&#8221;&#8221; scroll_down_icon_size_phone=&#8221;30px&#8221; scroll_down_icon_size_last_edited=&#8221;on|phone&#8221; admin_label=&#8221;seleziona sfondo chiaro&#8221; _builder_version=&#8221;4.27.4&#8243; _module_preset=&#8221;default&#8221; title_font=&#8221;Montserrat|900|||||||&#8221; title_text_align=&#8221;center&#8221; title_text_color=&#8221;#FFFFFF&#8221; title_font_size=&#8221;11vw&#8221; title_letter_spacing=&#8221;5px&#8221; title_line_height=&#8221;2em&#8221; content_font=&#8221;Archivo||||||||&#8221; content_text_align=&#8221;center&#8221; content_text_color=&#8221;#FFFFFF&#8221; content_font_size=&#8221;22px&#8221; subhead_font=&#8221;Archivo||||||||&#8221; subhead_text_align=&#8221;center&#8221; subhead_text_color=&#8221;#FFFFFF&#8221; subhead_font_size=&#8221;22px&#8221; background_color=&#8221;#a9eadf&#8221; background_image=&#8221;https:\/\/gruppoguerci.it\/wp-content\/uploads\/2025\/03\/Progetto-senza-titolo-18.png&#8221; parallax=&#8221;on&#8221; custom_padding=&#8221;0px||0px||true|false&#8221; title_font_size_tablet=&#8221;5vw&#8221; title_font_size_phone=&#8221;50px&#8221; title_font_size_last_edited=&#8221;on|phone&#8221; subhead_font_size_tablet=&#8221;22px&#8221; subhead_font_size_phone=&#8221;22px&#8221; subhead_font_size_last_edited=&#8221;on|desktop&#8221; background_last_edited=&#8221;on|desktop&#8221; background_image_phone=&#8221;https:\/\/gruppoguerci.it\/wp-content\/uploads\/2025\/03\/Progetto-senza-titolo-18.png&#8221; background_enable_image_phone=&#8221;on&#8221; parallax_phone=&#8221;off&#8221; global_colors_info=&#8221;{}&#8221;][\/et_pb_fullwidth_header][\/et_pb_section][et_pb_section fb_built=&#8221;1&#8243; fullwidth=&#8221;on&#8221; _builder_version=&#8221;4.27.4&#8243; _module_preset=&#8221;default&#8221; global_colors_info=&#8221;{}&#8221;][et_pb_fullwidth_header title=&#8221;SELEZIONA&#8221; subhead=&#8221;Ogni giorno scegliamo solo il meglio, da ogni angolo del mondo. Pesci allevati con cura o pescati in mari lontani, ma sempre secondo criteri di qualit\u00e0, sostenibilit\u00e0 e tracciabilit\u00e0. Selezioniamo quello che faremmo assaggiare a casa nostra. E te lo portiamo, senza compromessi.&#8221; header_fullscreen=&#8221;on&#8221; header_scroll_down=&#8221;on&#8221; scroll_down_icon_color=&#8221;#367da3&#8243; scroll_down_icon_size_tablet=&#8221;&#8221; scroll_down_icon_size_phone=&#8221;30px&#8221; scroll_down_icon_size_last_edited=&#8221;on|phone&#8221; admin_label=&#8221;seleziona sfondo chiaro&#8221; _builder_version=&#8221;4.27.4&#8243; _module_preset=&#8221;default&#8221; title_font=&#8221;Montserrat|900|||||||&#8221; title_text_align=&#8221;center&#8221; title_text_color=&#8221;#367da3&#8243; title_font_size=&#8221;11vw&#8221; title_letter_spacing=&#8221;5px&#8221; title_line_height=&#8221;2em&#8221; content_font=&#8221;Archivo||||||||&#8221; content_text_align=&#8221;center&#8221; content_text_color=&#8221;#FFFFFF&#8221; content_font_size=&#8221;22px&#8221; subhead_font=&#8221;Archivo||||||||&#8221; subhead_text_align=&#8221;center&#8221; subhead_text_color=&#8221;#00a6ab&#8221; subhead_font_size=&#8221;22px&#8221; background_color=&#8221;#a9eadf&#8221; background_image=&#8221;http:\/\/guercifish.appoostar.com\/wp-content\/uploads\/2025\/01\/Progetto-senza-titolo-8.png&#8221; background_size=&#8221;contain&#8221; custom_padding=&#8221;0px||0px||true|false&#8221; title_font_size_tablet=&#8221;5vw&#8221; title_font_size_phone=&#8221;44px&#8221; title_font_size_last_edited=&#8221;on|phone&#8221; subhead_font_size_tablet=&#8221;22px&#8221; subhead_font_size_phone=&#8221;22px&#8221; subhead_font_size_last_edited=&#8221;on|desktop&#8221; background_last_edited=&#8221;on|desktop&#8221; background_image_phone=&#8221;http:\/\/guercifish.appoostar.com\/wp-content\/uploads\/2025\/01\/Testo-del-paragrafo-1.png&#8221; background_enable_image_phone=&#8221;on&#8221; global_colors_info=&#8221;{}&#8221;][\/et_pb_fullwidth_header][\/et_pb_section][et_pb_section fb_built=&#8221;1&#8243; fullwidth=&#8221;on&#8221; _builder_version=&#8221;4.27.4&#8243; _module_preset=&#8221;default&#8221; global_colors_info=&#8221;{}&#8221;][et_pb_fullwidth_header title=&#8221;PREPARA&#8221; subhead=&#8221;Con le mani, l\u2019esperienza e tanta passione, trasformiamo ogni trancio in un piatto pronto da gustare. Crudi, marinati, cotti a bassa temperatura o da mettere direttamente in forno: prepariamo ogni ricetta come se fosse per noi. Tu devi solo scegliere. Al resto pensiamo noi.&#8221; header_fullscreen=&#8221;on&#8221; header_scroll_down=&#8221;on&#8221; scroll_down_icon_color=&#8221;#FFFFFF&#8221; scroll_down_icon_size_tablet=&#8221;&#8221; scroll_down_icon_size_phone=&#8221;30px&#8221; scroll_down_icon_size_last_edited=&#8221;on|phone&#8221; admin_label=&#8221;trasforma immagine&#8221; _builder_version=&#8221;4.27.4&#8243; _module_preset=&#8221;default&#8221; title_font=&#8221;Montserrat|800||on|||||&#8221; title_text_align=&#8221;center&#8221; title_text_color=&#8221;#FFFFFF&#8221; title_font_size=&#8221;11vw&#8221; title_line_height=&#8221;2em&#8221; content_font=&#8221;Archivo||||||||&#8221; content_text_align=&#8221;center&#8221; content_text_color=&#8221;#FFFFFF&#8221; content_font_size=&#8221;18px&#8221; subhead_font=&#8221;Archivo||||||||&#8221; subhead_text_align=&#8221;center&#8221; subhead_font_size=&#8221;22px&#8221; background_enable_color=&#8221;off&#8221; background_image=&#8221;https:\/\/gruppoguerci.it\/wp-content\/uploads\/2025\/03\/Progetto-senza-titolo-17.png&#8221; custom_padding=&#8221;0px||0px||true|false&#8221; title_font_size_tablet=&#8221;5vw&#8221; title_font_size_phone=&#8221;50px&#8221; title_font_size_last_edited=&#8221;on|phone&#8221; subhead_font_size_phone=&#8221;22px&#8221; subhead_font_size_last_edited=&#8221;off|desktop&#8221; global_colors_info=&#8221;{}&#8221;][\/et_pb_fullwidth_header][\/et_pb_section][et_pb_section fb_built=&#8221;1&#8243; fullwidth=&#8221;on&#8221; _builder_version=&#8221;4.27.4&#8243; _module_preset=&#8221;default&#8221; global_colors_info=&#8221;{}&#8221;][et_pb_fullwidth_header title=&#8221;CREDI&#8221; subhead=&#8221;Crediamo che mangiare bene sia un gesto d\u2019amore verso se stessi. Il pesce \u00e8 leggero, ricco di propriet\u00e0 nutritive, perfetto per chi vuole sentirsi bene senza rinunciare al gusto. Per questo lo prepariamo con rispetto, attenzione e semplicit\u00e0: perch\u00e9 faccia bene davvero, a te e a chi ami.&#8221; header_fullscreen=&#8221;on&#8221; header_scroll_down=&#8221;on&#8221; scroll_down_icon_color=&#8221;#367da3&#8243; scroll_down_icon_size_tablet=&#8221;&#8221; scroll_down_icon_size_phone=&#8221;30px&#8221; scroll_down_icon_size_last_edited=&#8221;on|phone&#8221; admin_label=&#8221;seleziona sfondo chiaro&#8221; _builder_version=&#8221;4.27.4&#8243; _module_preset=&#8221;default&#8221; title_font=&#8221;Montserrat|900|||||||&#8221; title_text_align=&#8221;center&#8221; title_text_color=&#8221;#367da3&#8243; title_font_size=&#8221;11vw&#8221; title_letter_spacing=&#8221;5px&#8221; title_line_height=&#8221;2em&#8221; content_font=&#8221;Archivo||||||||&#8221; content_text_align=&#8221;center&#8221; content_text_color=&#8221;#FFFFFF&#8221; content_font_size=&#8221;22px&#8221; subhead_font=&#8221;Archivo||||||||&#8221; subhead_text_align=&#8221;center&#8221; subhead_text_color=&#8221;#00a6ab&#8221; subhead_font_size=&#8221;22px&#8221; background_color=&#8221;#a9eadf&#8221; background_image=&#8221;http:\/\/guercifish.appoostar.com\/wp-content\/uploads\/2025\/01\/Progetto-senza-titolo-8.png&#8221; background_size=&#8221;contain&#8221; custom_padding=&#8221;0px||0px||true|false&#8221; title_font_size_tablet=&#8221;5vw&#8221; title_font_size_phone=&#8221;50px&#8221; title_font_size_last_edited=&#8221;on|phone&#8221; subhead_font_size_tablet=&#8221;22px&#8221; subhead_font_size_phone=&#8221;22px&#8221; subhead_font_size_last_edited=&#8221;on|desktop&#8221; background_last_edited=&#8221;on|desktop&#8221; background_image_phone=&#8221;http:\/\/guercifish.appoostar.com\/wp-content\/uploads\/2025\/01\/Testo-del-paragrafo-1.png&#8221; background_enable_image_phone=&#8221;on&#8221; global_colors_info=&#8221;{}&#8221;][\/et_pb_fullwidth_header][\/et_pb_section][et_pb_section fb_built=&#8221;1&#8243; custom_padding_last_edited=&#8221;on|phone&#8221; _builder_version=&#8221;4.27.4&#8243; background_color=&#8221;#367da3&#8243; background_enable_image=&#8221;off&#8221; background_size=&#8221;contain&#8221; background_position=&#8221;top_right&#8221; custom_margin=&#8221;0px||0px||false|false&#8221; custom_padding=&#8221;0px||0px||false|false&#8221; custom_padding_tablet=&#8221;0px||80px||false|false&#8221; custom_padding_phone=&#8221;0px||19px||false|false&#8221; global_colors_info=&#8221;{}&#8221;][et_pb_row use_custom_gutter=&#8221;on&#8221; gutter_width=&#8221;1&#8243; _builder_version=&#8221;4.27.4&#8243; background_color=&#8221;#367da3&#8243; background_image=&#8221;https:\/\/gruppoguerci.it\/wp-content\/uploads\/2025\/03\/Progetto-senza-titolo-16.png&#8221; z_index=&#8221;20&#8243; width=&#8221;100%&#8221; width_tablet=&#8221;&#8221; width_phone=&#8221;100%&#8221; width_last_edited=&#8221;on|phone&#8221; max_width=&#8221;100%&#8221; module_alignment=&#8221;center&#8221; min_height=&#8221;29%&#8221; height=&#8221;100%&#8221; max_height=&#8221;100%&#8221; custom_margin=&#8221;0px||0px||false|false&#8221; custom_padding=&#8221;0px||0px||false|false&#8221; global_colors_info=&#8221;{}&#8221;][et_pb_column type=&#8221;4_4&#8243; admin_label=&#8221;Colonna&#8221; _builder_version=&#8221;4.27.4&#8243; background_color=&#8221;#367da3&#8243; global_colors_info=&#8221;{}&#8221;][dipi_image_hotspot img_src=&#8221;https:\/\/gruppoguerci.it\/wp-content\/uploads\/2025\/03\/Progetto-senza-titolo-16.png&#8221; tooltip_animation=&#8221;zoomInShort&#8221; admin_label=&#8221;Pixel Image Hotspot&#8221; _builder_version=&#8221;4.27.4&#8243; width=&#8221;100%&#8221; max_width=&#8221;100%&#8221; min_height=&#8221;100%&#8221; height=&#8221;100%&#8221; max_height=&#8221;100%&#8221; custom_margin=&#8221;2px||-22px|||&#8221; custom_padding=&#8221;||5px|||&#8221; custom_css_hotspot_icon=&#8221;border-radius: 100px;&#8221; custom_css_description=&#8221;max-width:80% !important;&#8221; global_colors_info=&#8221;{}&#8221;][dipi_image_hotspot_child title=&#8221;Omega 3&#8243; use_hotspot_icon=&#8221;on&#8221; hotspot_icon=&#8221;&#xf192;||fa||400&#8243; hotspot_icon_color=&#8221;#FFFFFF&#8221; use_hotspot_icon_font_size=&#8221;on&#8221; hotspot_ripple_effect=&#8221;on&#8221; hotspot_ripple_effect_color=&#8221;#ffffff&#8221; hotspot_position_vertical=&#8221;47.7%&#8221; hotspot_position_horizontal=&#8221;19.9%&#8221; tooltip_image_width=&#8221;181px&#8221; tooltip_title=&#8221;\ud83d\udc1f Omega-3 Naturali&#8221; tooltip_desc=&#8221;Il pesce \u00e8 una delle fonti pi\u00f9 ricche di Omega-3, acidi grassi essenziali che il nostro corpo non produce da solo.<br \/>\nConsumare regolarmente pesce aiuta a mantenere l\u2019organismo in equilibrio.<\/p>\n<p>\u2714\ufe0f Favorisce la salute del cuore<br \/>\n\u2714\ufe0f Riduce l\u2019infiammazione&#8221; tooltip_position=&#8221;right&#8221; tooltip_width=&#8221;440px&#8221; use_tooltip_arrow=&#8221;on&#8221; arrow_color=&#8221;#ffffff&#8221; tooltip_padding=&#8221;10px|10px|10px|10px|false|false&#8221; hotspot_icon_padding_tablet=&#8221;&#8221; hotspot_icon_padding_phone=&#8221;10px|10px|10px|10px|false|false&#8221; hotspot_icon_padding_last_edited=&#8221;on|phone&#8221; hotspot_icon_size_tablet=&#8221;&#8221; hotspot_icon_size_phone=&#8221;15px&#8221; hotspot_icon_size_last_edited=&#8221;on|phone&#8221; _builder_version=&#8221;4.27.4&#8243; tooltip_title_font=&#8221;Montserrat||||||||&#8221; tooltip_title_font_size=&#8221;20px&#8221; tooltip_desc_font=&#8221;Poppins||||||||&#8221; module_alignment=&#8221;center&#8221; border_style_all_tooltip_img=&#8221;none&#8221; border_radii_tooltip_box=&#8221;on|10px|10px|10px|10px&#8221; box_shadow_style_tooltip_box=&#8221;preset1&#8243; box_shadow_blur_tooltip_box=&#8221;60px&#8221; box_shadow_color_tooltip_box=&#8221;rgba(21,2,42,0.24)&#8221; global_colors_info=&#8221;{}&#8221;][\/dipi_image_hotspot_child][dipi_image_hotspot_child title=&#8221;Alta digeribilit\u00e0&#8221; use_hotspot_icon=&#8221;on&#8221; hotspot_icon=&#8221;&#xf192;||fa||400&#8243; hotspot_icon_color=&#8221;#FFFFFF&#8221; use_hotspot_icon_font_size=&#8221;on&#8221; hotspot_ripple_effect=&#8221;on&#8221; hotspot_ripple_effect_color=&#8221;#ffffff&#8221; hotspot_position_vertical=&#8221;55.3%&#8221; hotspot_position_horizontal=&#8221;47.7%&#8221; tooltip_image_width=&#8221;181px&#8221; tooltip_title=&#8221;\ud83d\udc1f Alta Digeribilit\u00e0&#8221; tooltip_desc=&#8221;Le proteine del pesce sono facilmente assimilabili, rendendolo perfetto anche per chi ha una digestione delicata o cerca leggerezza senza rinunciare al nutrimento.<\/p>\n<p>\u2714\ufe0f Facilita la digestione<br \/>\n\u2714\ufe0f Perfetto per diete leggere&#8221; tooltip_position=&#8221;right&#8221; tooltip_width=&#8221;440px&#8221; use_tooltip_arrow=&#8221;on&#8221; arrow_color=&#8221;#ffffff&#8221; tooltip_padding=&#8221;10px|10px|10px|10px|false|false&#8221; hotspot_icon_padding_tablet=&#8221;&#8221; hotspot_icon_padding_phone=&#8221;10px|10px|10px|10px|false|false&#8221; hotspot_icon_padding_last_edited=&#8221;on|phone&#8221; hotspot_icon_size_tablet=&#8221;&#8221; hotspot_icon_size_phone=&#8221;15px&#8221; hotspot_icon_size_last_edited=&#8221;on|phone&#8221; hotspot_position_vertical_tablet=&#8221;55.3%&#8221; hotspot_position_vertical_phone=&#8221;55.3%&#8221; hotspot_position_vertical_last_edited=&#8221;on|phone&#8221; _builder_version=&#8221;4.27.4&#8243; tooltip_title_font=&#8221;Montserrat||||||||&#8221; tooltip_title_font_size=&#8221;20px&#8221; tooltip_desc_font=&#8221;Poppins||||||||&#8221; module_alignment=&#8221;center&#8221; border_style_all_tooltip_img=&#8221;none&#8221; border_radii_tooltip_box=&#8221;on|10px|10px|10px|10px&#8221; box_shadow_style_tooltip_box=&#8221;preset1&#8243; box_shadow_blur_tooltip_box=&#8221;60px&#8221; box_shadow_color_tooltip_box=&#8221;rgba(21,2,42,0.24)&#8221; global_colors_info=&#8221;{}&#8221;][\/dipi_image_hotspot_child][dipi_image_hotspot_child title=&#8221;Vitamina D&#8221; use_hotspot_icon=&#8221;on&#8221; hotspot_icon=&#8221;&#xf192;||fa||400&#8243; hotspot_icon_color=&#8221;#FFFFFF&#8221; use_hotspot_icon_font_size=&#8221;on&#8221; hotspot_ripple_effect=&#8221;on&#8221; hotspot_ripple_effect_color=&#8221;#ffffff&#8221; hotspot_position_vertical=&#8221;41.1%&#8221; hotspot_position_horizontal=&#8221;57.3%&#8221; tooltip_image_width=&#8221;181px&#8221; tooltip_title=&#8221;\ud83d\udc1f Vitamina D&#8221; tooltip_desc=&#8221;Il pesce \u00e8 uno dei pochi alimenti naturalmente ricchi di vitamina D, fondamentale per la salute delle ossa e del sistema immunitario. <\/p>\n<p>\u2714\ufe0f Rinforza le difese immunitarie<br \/>\n\u2714\ufe0f Aiuta l\u2019assorbimento del calcio&#8221; tooltip_position=&#8221;right&#8221; tooltip_width=&#8221;440px&#8221; use_tooltip_arrow=&#8221;on&#8221; arrow_color=&#8221;#ffffff&#8221; tooltip_padding=&#8221;10px|10px|10px|10px|false|false&#8221; hotspot_icon_padding_tablet=&#8221;&#8221; hotspot_icon_padding_phone=&#8221;10px|10px|10px|10px|false|false&#8221; hotspot_icon_padding_last_edited=&#8221;on|phone&#8221; hotspot_icon_size_tablet=&#8221;&#8221; hotspot_icon_size_phone=&#8221;15px&#8221; hotspot_icon_size_last_edited=&#8221;on|phone&#8221; _builder_version=&#8221;4.27.4&#8243; tooltip_title_font=&#8221;Montserrat||||||||&#8221; tooltip_title_font_size=&#8221;20px&#8221; tooltip_desc_font=&#8221;Poppins||||||||&#8221; module_alignment=&#8221;center&#8221; border_style_all_tooltip_img=&#8221;none&#8221; border_radii_tooltip_box=&#8221;on|10px|10px|10px|10px&#8221; box_shadow_style_tooltip_box=&#8221;preset1&#8243; box_shadow_blur_tooltip_box=&#8221;60px&#8221; box_shadow_color_tooltip_box=&#8221;rgba(21,2,42,0.24)&#8221; global_colors_info=&#8221;{}&#8221;][\/dipi_image_hotspot_child][dipi_image_hotspot_child title=&#8221;Proteine&#8221; use_hotspot_icon=&#8221;on&#8221; hotspot_icon=&#8221;&#xf192;||fa||400&#8243; hotspot_icon_color=&#8221;#FFFFFF&#8221; use_hotspot_icon_font_size=&#8221;on&#8221; hotspot_ripple_effect=&#8221;on&#8221; hotspot_ripple_effect_color=&#8221;#ffffff&#8221; hotspot_position_vertical=&#8221;44.7%&#8221; hotspot_position_horizontal=&#8221;77%&#8221; tooltip_image_width=&#8221;181px&#8221; tooltip_title=&#8221;\ud83d\udc1f Proteine Nobili&#8221; tooltip_desc=&#8221;Le proteine del pesce sono complete, facilmente utilizzabili dal nostro corpo e ideali per tutte le et\u00e0, dagli sportivi ai pi\u00f9 piccoli.<\/p>\n<p>\u2714\ufe0f Favorisce la crescita muscolare<br \/>\n\u2714\ufe0f Ideale per ogni et\u00e0&#8221; tooltip_position=&#8221;right&#8221; tooltip_width=&#8221;440px&#8221; use_tooltip_arrow=&#8221;on&#8221; arrow_color=&#8221;#ffffff&#8221; tooltip_padding=&#8221;10px|10px|10px|10px|false|false&#8221; hotspot_icon_padding_tablet=&#8221;&#8221; hotspot_icon_padding_phone=&#8221;10px|10px|10px|10px|false|false&#8221; hotspot_icon_padding_last_edited=&#8221;on|phone&#8221; hotspot_icon_size_tablet=&#8221;&#8221; hotspot_icon_size_phone=&#8221;15px&#8221; hotspot_icon_size_last_edited=&#8221;on|phone&#8221; _builder_version=&#8221;4.27.4&#8243; tooltip_title_font=&#8221;Montserrat||||||||&#8221; tooltip_title_font_size=&#8221;20px&#8221; tooltip_desc_font=&#8221;Poppins||||||||&#8221; module_alignment=&#8221;center&#8221; border_style_all_tooltip_img=&#8221;none&#8221; border_radii_tooltip_box=&#8221;on|10px|10px|10px|10px&#8221; box_shadow_style_tooltip_box=&#8221;preset1&#8243; box_shadow_blur_tooltip_box=&#8221;60px&#8221; box_shadow_color_tooltip_box=&#8221;rgba(21,2,42,0.24)&#8221; global_colors_info=&#8221;{}&#8221;][\/dipi_image_hotspot_child][\/dipi_image_hotspot][\/et_pb_column][\/et_pb_row][\/et_pb_section]<\/p>\n","protected":false},"excerpt":{"rendered":"<p><div class=\"et_pb_module dipi_image_hotspot dipi_image_hotspot_0\">\n\t\t\t\t\n\t\t\t\t\n\t\t\t\t\n\t\t\t\t\n\t\t\t\t\n\t\t\t\t\n\t\t\t\t<div class=\"et_pb_module_inner\">\n\t\t\t\t\t\n\t\t\t<div class=\"dipi-image-hotspot dipi-trigger_on_click-off\" data-order-number=\"0\">\n\t\t\t\t<img decoding=\"async\" src=\"https:\/\/gruppoguerci.it\/wp-content\/uploads\/2025\/03\/Progetto-senza-titolo-16.png\" class=\"dipi-hotspot-bg-image-main\" alt=\"\">\n\t\t\t\t\n\t\t\t<\/div>\n\t\t\t\t<\/div>\n\t\t\t<\/div><div class=\"et_pb_module dipi_image_hotspot_child dipi_image_hotspot_child_0\">\n\t\t\t\t\n\t\t\t\t\n\t\t\t\t\n\t\t\t\t\n\t\t\t\t\n\t\t\t\t\n\t\t\t\t<div class=\"et_pb_module_inner\">\n\t\t\t\t\t\n            <div class=\"dipi-image-hotspot-child\">\n                \n                    <div\n                        class=\"dipi-tooltip-wrap dipi-tooltip-position-left  animated zoomInShort\"\n                        data-order-number=\"0\"\n                    >\n                        \n                        \n            <h2 class=\"dipi-tooltip-title\">\n                &#8221;\ud83d\udc1f\n            <\/h2>\n                        \n            <div class=\"dipi-tooltip-desc\">\n                &#8221;Il\n            <\/div>\n                        \n                    <\/div>\n                \n            <div class=\"dipi-hotspot\">\n                \n                    <img decoding=\"async\" style=\"animation: pulse-key993099417 3s linear infinite;\" src=\"\" class=\"dipi-hotspot-image\" alt=\"\">\n                    \n                    \n                \n            <\/div>\n            <\/div>\n\t\t\t\t<\/div>\n\t\t\t<\/div><\/p>\n","protected":false},"author":1,"featured_media":0,"parent":0,"menu_order":0,"comment_status":"closed","ping_status":"closed","template":"","meta":{"_et_pb_use_builder":"on","_et_pb_old_content":"<!-- wp:divi\/placeholder \/-->","_et_gb_content_width":"","footnotes":""},"dipi_cpt_category":[],"class_list":["post-25833847","page","type-page","status-publish","hentry"],"_links":{"self":[{"href":"https:\/\/gruppoguerci.it\/index.php\/wp-json\/wp\/v2\/pages\/25833847","targetHints":{"allow":["GET"]}}],"collection":[{"href":"https:\/\/gruppoguerci.it\/index.php\/wp-json\/wp\/v2\/pages"}],"about":[{"href":"https:\/\/gruppoguerci.it\/index.php\/wp-json\/wp\/v2\/types\/page"}],"author":[{"embeddable":true,"href":"https:\/\/gruppoguerci.it\/index.php\/wp-json\/wp\/v2\/users\/1"}],"replies":[{"embeddable":true,"href":"https:\/\/gruppoguerci.it\/index.php\/wp-json\/wp\/v2\/comments?post=25833847"}],"version-history":[{"count":21,"href":"https:\/\/gruppoguerci.it\/index.php\/wp-json\/wp\/v2\/pages\/25833847\/revisions"}],"predecessor-version":[{"id":25964552,"href":"https:\/\/gruppoguerci.it\/index.php\/wp-json\/wp\/v2\/pages\/25833847\/revisions\/25964552"}],"wp:attachment":[{"href":"https:\/\/gruppoguerci.it\/index.php\/wp-json\/wp\/v2\/media?parent=25833847"}],"wp:term":[{"taxonomy":"dipi_cpt_category","embeddable":true,"href":"https:\/\/gruppoguerci.it\/index.php\/wp-json\/wp\/v2\/dipi_cpt_category?post=25833847"}],"curies":[{"name":"wp","href":"https:\/\/api.w.org\/{rel}","templated":true}]}}