{"id":9,"date":"2025-01-12T11:56:25","date_gmt":"2025-01-12T11:56:25","guid":{"rendered":"https:\/\/guercifish.appoostar.com\/?page_id=9"},"modified":"2026-02-02T17:52:25","modified_gmt":"2026-02-02T16:52:25","slug":"home","status":"publish","type":"page","link":"https:\/\/gruppoguerci.it\/","title":{"rendered":"home"},"content":{"rendered":"<p>[et_pb_section fb_built=&#8221;1&#8243; fullwidth=&#8221;on&#8221; _builder_version=&#8221;4.27.4&#8243; _module_preset=&#8221;default&#8221; background_enable_color=&#8221;off&#8221; background_enable_video_mp4=&#8221;off&#8221; custom_padding=&#8221;0px||0px||true|false&#8221; global_colors_info=&#8221;{}&#8221;][et_pb_fullwidth_header title=&#8221;SCOPRI&#8221; subhead=&#8221;Acquistare da Guerci non \u00e8 solo scegliere pesce fresco e di qualit\u00e0. \u00c8 vivere un\u2019esperienza unica che unisce tradizione, sostenibilit\u00e0 e passione. Ogni acquisto racconta una storia: il rispetto per il mare, l\u2019attenzione nella selezione, la cura nella trasformazione e la gioia di condividere il gusto autentico del mare. Ogni passo, ogni azione, \u00e8 parte di un percorso che ti connette al meglio che il mare ha da offrire.&#8221; header_fullscreen=&#8221;on&#8221; header_scroll_down=&#8221;on&#8221; background_overlay_color=&#8221;rgba(145,145,145,0)&#8221; scroll_down_icon_size_tablet=&#8221;&#8221; scroll_down_icon_size_phone=&#8221;30px&#8221; scroll_down_icon_size_last_edited=&#8221;on|phone&#8221; admin_label=&#8221;scopri video&#8221; _builder_version=&#8221;4.27.4&#8243; _module_preset=&#8221;default&#8221; title_font=&#8221;Montserrat|800||on|||||&#8221; title_text_align=&#8221;center&#8221; title_font_size=&#8221;11vw&#8221; title_letter_spacing=&#8221;5px&#8221; title_line_height=&#8221;2em&#8221; content_font=&#8221;Archivo|700|||||||&#8221; content_text_align=&#8221;center&#8221; content_font_size=&#8221;22px&#8221; subhead_font=&#8221;Archivo||||||||&#8221; subhead_text_align=&#8221;center&#8221; subhead_font_size=&#8221;22px&#8221; background_enable_color=&#8221;off&#8221; background_enable_image=&#8221;off&#8221; background_video_mp4=&#8221;https:\/\/gruppoguerci.it\/wp-content\/uploads\/2025\/01\/Progetto-senza-titolo.mp4&#8243; custom_margin=&#8221;||||false|false&#8221; custom_margin_tablet=&#8221;&#8221; custom_margin_phone=&#8221;30px||||false|false&#8221; custom_margin_last_edited=&#8221;on|phone&#8221; custom_padding=&#8221;0px||4vw||false|false&#8221; title_font_size_tablet=&#8221;5vw&#8221; title_font_size_phone=&#8221;50px&#8221; title_font_size_last_edited=&#8221;on|phone&#8221; subhead_font_size_tablet=&#8221;22px&#8221; subhead_font_size_phone=&#8221;20px&#8221; subhead_font_size_last_edited=&#8221;on|phone&#8221; global_colors_info=&#8221;{}&#8221; custom_css_scroll_button_last_edited=&#8221;on|phone&#8221;][\/et_pb_fullwidth_header][et_pb_fullwidth_header title=&#8221;RISPETTA&#8221; subhead=&#8221;                                                                                                                                         Il nostro impegno \u00e8 per la sostenibilit\u00e0.                                                                                                                              Rispettiamo l\u2019ambiente marino promuovendo pratiche di pesca responsabili e sostenibili, per garantire un futuro migliore.&#8221; header_fullscreen=&#8221;on&#8221; header_scroll_down=&#8221;on&#8221; scroll_down_icon_color=&#8221;#a9eadf&#8221; scroll_down_icon_size_tablet=&#8221;&#8221; scroll_down_icon_size_phone=&#8221;30px&#8221; scroll_down_icon_size_last_edited=&#8221;on|phone&#8221; admin_label=&#8221;rispetta sfondo scuro&#8221; _builder_version=&#8221;4.27.4&#8243; _module_preset=&#8221;default&#8221; title_font=&#8221;Montserrat|900|||||||&#8221; title_text_align=&#8221;center&#8221; title_text_color=&#8221;#a9eadf&#8221; title_font_size=&#8221;11vw&#8221; title_letter_spacing=&#8221;5px&#8221; title_line_height=&#8221;2em&#8221; subhead_font=&#8221;Archivo||||||||&#8221; subhead_text_align=&#8221;center&#8221; subhead_text_color=&#8221;#FFFFFF&#8221; subhead_font_size=&#8221;22px&#8221; background_color=&#8221;#367da3&#8243; background_image=&#8221;http:\/\/guercifish.appoostar.com\/wp-content\/uploads\/2025\/01\/Progetto-senza-titolo-4.png&#8221; background_size=&#8221;contain&#8221; custom_padding=&#8221;0px||0px||true|false&#8221; title_font_size_tablet=&#8221;5vw&#8221; title_font_size_phone=&#8221;53px&#8221; title_font_size_last_edited=&#8221;on|tablet&#8221; subhead_font_size_tablet=&#8221;22px&#8221; subhead_font_size_phone=&#8221;22px&#8221; subhead_font_size_last_edited=&#8221;on|phone&#8221; background_last_edited=&#8221;on|phone&#8221; background_image_phone=&#8221;http:\/\/guercifish.appoostar.com\/wp-content\/uploads\/2025\/01\/Testo-del-paragrafo-2.png&#8221; background_enable_image_phone=&#8221;on&#8221; global_colors_info=&#8221;{}&#8221;][\/et_pb_fullwidth_header][et_pb_fullwidth_header title=&#8221;CREDI&#8221; subhead=&#8221;Da generazioni, la nostra famiglia vive e respira il mare. La passione per il pescato fresco \u00e8 un\u2019eredit\u00e0 che tramandiamo, un valore che ci guida ogni giorno. Guerci non \u00e8 solo un\u2019azienda: \u00e8 il frutto di decenni di esperienza, di mani esperte e di una dedizione senza tempo per portare il meglio del mare sulle vostre tavole.&#8221; header_fullscreen=&#8221;on&#8221; header_scroll_down=&#8221;on&#8221; scroll_down_icon_color=&#8221;#FFFFFF&#8221; scroll_down_icon_size_tablet=&#8221;&#8221; scroll_down_icon_size_phone=&#8221;30px&#8221; scroll_down_icon_size_last_edited=&#8221;on|phone&#8221; admin_label=&#8221;credi immagine&#8221; _builder_version=&#8221;4.27.4&#8243; _module_preset=&#8221;default&#8221; title_font=&#8221;Montserrat|800||on|||||&#8221; title_text_align=&#8221;center&#8221; title_text_color=&#8221;#FFFFFF&#8221; title_font_size=&#8221;11vw&#8221; title_line_height=&#8221;2em&#8221; content_font=&#8221;Archivo||||||||&#8221; content_text_align=&#8221;center&#8221; content_text_color=&#8221;#FFFFFF&#8221; content_font_size=&#8221;18px&#8221; subhead_font=&#8221;Archivo||||||||&#8221; subhead_text_align=&#8221;center&#8221; subhead_font_size=&#8221;22px&#8221; background_enable_color=&#8221;off&#8221; background_image=&#8221;https:\/\/gruppoguerci.it\/wp-content\/uploads\/2025\/01\/Progetto-senza-titolo-5.png&#8221; custom_padding=&#8221;0px||0px||true|false&#8221; title_font_size_tablet=&#8221;5vw&#8221; title_font_size_phone=&#8221;50px&#8221; title_font_size_last_edited=&#8221;on|phone&#8221; subhead_font_size_phone=&#8221;22px&#8221; subhead_font_size_last_edited=&#8221;off|desktop&#8221; background_last_edited=&#8221;on|phone&#8221; parallax_phone=&#8221;off&#8221; parallax_method_phone=&#8221;off&#8221; background_size_phone=&#8221;cover&#8221; background_position_phone=&#8221;center&#8221; background_repeat_phone=&#8221;no-repeat&#8221; global_colors_info=&#8221;{}&#8221;][\/et_pb_fullwidth_header][et_pb_fullwidth_header title=&#8221;SELEZIONA&#8221; subhead=&#8221;Ogni prodotto \u00e8 selezionato con cura e attenzione per garantire freschezza, qualit\u00e0 e gusto. Solo il meglio arriva ai nostri clienti.&#8221; header_fullscreen=&#8221;on&#8221; header_scroll_down=&#8221;on&#8221; scroll_down_icon_color=&#8221;#367da3&#8243; scroll_down_icon_size_tablet=&#8221;&#8221; scroll_down_icon_size_phone=&#8221;30px&#8221; scroll_down_icon_size_last_edited=&#8221;on|phone&#8221; admin_label=&#8221;seleziona sfondo chiaro&#8221; _builder_version=&#8221;4.27.4&#8243; _module_preset=&#8221;default&#8221; title_font=&#8221;Montserrat|900|||||||&#8221; title_text_align=&#8221;center&#8221; title_text_color=&#8221;#367da3&#8243; title_font_size=&#8221;11vw&#8221; title_letter_spacing=&#8221;5px&#8221; title_line_height=&#8221;2em&#8221; content_font=&#8221;Archivo||||||||&#8221; content_text_align=&#8221;center&#8221; content_text_color=&#8221;#FFFFFF&#8221; content_font_size=&#8221;21px&#8221; subhead_font=&#8221;Archivo||||||||&#8221; subhead_text_align=&#8221;center&#8221; subhead_text_color=&#8221;#00a6ab&#8221; subhead_font_size=&#8221;22px&#8221; background_color=&#8221;#a9eadf&#8221; background_image=&#8221;http:\/\/guercifish.appoostar.com\/wp-content\/uploads\/2025\/01\/Progetto-senza-titolo-8.png&#8221; background_size=&#8221;contain&#8221; custom_padding=&#8221;0px||0px||true|false&#8221; title_font_size_tablet=&#8221;5vw&#8221; title_font_size_phone=&#8221;44px&#8221; title_font_size_last_edited=&#8221;on|phone&#8221; subhead_font_size_tablet=&#8221;22px&#8221; subhead_font_size_phone=&#8221;22px&#8221; subhead_font_size_last_edited=&#8221;on|desktop&#8221; background_last_edited=&#8221;on|desktop&#8221; background_image_phone=&#8221;http:\/\/guercifish.appoostar.com\/wp-content\/uploads\/2025\/01\/Testo-del-paragrafo-1.png&#8221; background_enable_image_phone=&#8221;on&#8221; global_colors_info=&#8221;{}&#8221;][\/et_pb_fullwidth_header][et_pb_fullwidth_header title=&#8221;TRASFORMA&#8221; subhead=&#8221;Ogni giorno lavoriamo il pescato fresco per garantire la massima qualit\u00e0 e sicurezza alimentare. Trasformiamo il pesce con tecniche che preservano tutto il sapore del mare.&#8221; header_fullscreen=&#8221;on&#8221; header_scroll_down=&#8221;on&#8221; scroll_down_icon_color=&#8221;#FFFFFF&#8221; scroll_down_icon_size_tablet=&#8221;&#8221; scroll_down_icon_size_phone=&#8221;30px&#8221; scroll_down_icon_size_last_edited=&#8221;on|phone&#8221; admin_label=&#8221;trasforma immagine&#8221; _builder_version=&#8221;4.27.4&#8243; _module_preset=&#8221;default&#8221; title_font=&#8221;Montserrat|800||on|||||&#8221; title_text_align=&#8221;center&#8221; title_text_color=&#8221;#FFFFFF&#8221; title_font_size=&#8221;11vw&#8221; title_line_height=&#8221;2em&#8221; content_font=&#8221;Archivo||||||||&#8221; content_text_align=&#8221;center&#8221; content_text_color=&#8221;#FFFFFF&#8221; content_font_size=&#8221;18px&#8221; subhead_font=&#8221;Archivo||||||||&#8221; subhead_text_align=&#8221;center&#8221; subhead_font_size=&#8221;22px&#8221; background_enable_color=&#8221;off&#8221; background_image=&#8221;https:\/\/gruppoguerci.it\/wp-content\/uploads\/2025\/01\/Progetto-senza-titolo-9.png&#8221; custom_padding=&#8221;0px||0px||true|false&#8221; title_font_size_tablet=&#8221;5vw&#8221; title_font_size_phone=&#8221;47px&#8221; title_font_size_last_edited=&#8221;on|phone&#8221; subhead_font_size_phone=&#8221;22px&#8221; subhead_font_size_last_edited=&#8221;off|desktop&#8221; global_colors_info=&#8221;{}&#8221;][\/et_pb_fullwidth_header][et_pb_fullwidth_header title=&#8221;GUSTA&#8221; subhead=&#8221;Porta in tavola il meglio del mare con le nostre ricette. Lasciati ispirare da piatti che esaltano la freschezza e il gusto unico dei nostri prodotti.&#8221; text_orientation=&#8221;center&#8221; header_fullscreen=&#8221;on&#8221; header_scroll_down=&#8221;on&#8221; button_one_text=&#8221;Lasciati ispirare&#8221; button_one_url=&#8221;https:\/\/gruppoguerci.it\/index.php\/menu\/&#8221; button_two_url=&#8221;https:\/\/gruppoguerci.it\/index.php\/menu\/&#8221; background_overlay_color=&#8221;rgba(145,145,145,0)&#8221; scroll_down_icon_size_tablet=&#8221;&#8221; scroll_down_icon_size_phone=&#8221;30px&#8221; scroll_down_icon_size_last_edited=&#8221;on|phone&#8221; admin_label=&#8221;gusta video&#8221; _builder_version=&#8221;4.27.4&#8243; _module_preset=&#8221;default&#8221; title_font=&#8221;Montserrat|800||on|||||&#8221; title_text_align=&#8221;center&#8221; title_font_size=&#8221;11vw&#8221; title_letter_spacing=&#8221;5px&#8221; title_line_height=&#8221;2em&#8221; content_font=&#8221;Archivo|700|||||||&#8221; content_text_align=&#8221;center&#8221; content_font_size=&#8221;22px&#8221; subhead_font=&#8221;Archivo||||||||&#8221; subhead_text_align=&#8221;center&#8221; subhead_font_size=&#8221;22px&#8221; background_enable_color=&#8221;off&#8221; background_video_mp4=&#8221;https:\/\/gruppoguerci.it\/wp-content\/uploads\/2025\/01\/Progetto-senza-titolo-1.mp4&#8243; custom_button_one=&#8221;on&#8221; button_one_text_size=&#8221;20px&#8221; custom_padding=&#8221;0px||0px||true|false&#8221; title_font_size_tablet=&#8221;5vw&#8221; title_font_size_phone=&#8221;50px&#8221; title_font_size_last_edited=&#8221;on|phone&#8221; global_colors_info=&#8221;{}&#8221;][\/et_pb_fullwidth_header][et_pb_fullwidth_header title=&#8221;UNISCI&#8221; subhead=&#8221;Il pesce fresco non \u00e8 solo cibo, \u00e8 un\u2019occasione per stare insieme. Condividi momenti speciali con i tuoi cari grazie alla qualit\u00e0 Guerci.&#8221; header_fullscreen=&#8221;on&#8221; header_scroll_down=&#8221;on&#8221; scroll_down_icon_color=&#8221;#FFFFFF&#8221; scroll_down_icon_size_tablet=&#8221;&#8221; scroll_down_icon_size_phone=&#8221;30px&#8221; scroll_down_icon_size_last_edited=&#8221;on|phone&#8221; admin_label=&#8221;unisci immagine&#8221; _builder_version=&#8221;4.27.4&#8243; _module_preset=&#8221;default&#8221; title_font=&#8221;Montserrat|800||on|||||&#8221; title_text_align=&#8221;center&#8221; title_text_color=&#8221;#FFFFFF&#8221; title_font_size=&#8221;11vw&#8221; title_line_height=&#8221;2em&#8221; content_font=&#8221;Archivo||||||||&#8221; content_text_align=&#8221;center&#8221; content_text_color=&#8221;#FFFFFF&#8221; content_font_size=&#8221;18px&#8221; subhead_font=&#8221;Archivo||||||||&#8221; subhead_text_align=&#8221;center&#8221; subhead_font_size=&#8221;22px&#8221; background_enable_color=&#8221;off&#8221; background_image=&#8221;https:\/\/gruppoguerci.it\/wp-content\/uploads\/2025\/01\/Progetto-senza-titolo-10.png&#8221; custom_padding=&#8221;0px||0px||true|false&#8221; title_font_size_tablet=&#8221;5vw&#8221; title_font_size_phone=&#8221;50px&#8221; title_font_size_last_edited=&#8221;on|phone&#8221; subhead_font_size_phone=&#8221;22px&#8221; subhead_font_size_last_edited=&#8221;off|desktop&#8221; global_colors_info=&#8221;{}&#8221;][\/et_pb_fullwidth_header][et_pb_fullwidth_header title=&#8221;CONNETTI&#8221; subhead=&#8221;Trova il punto vendita pi\u00f9 vicino o contattaci per scoprire di pi\u00f9 sui nostri prodotti. Siamo qui per portare la freschezza del mare sulla tua tavola.&#8221; header_fullscreen=&#8221;on&#8221; button_one_text=&#8221;Scopri i punti vendita&#8221; scroll_down_icon_size_tablet=&#8221;&#8221; scroll_down_icon_size_phone=&#8221;30px&#8221; scroll_down_icon_size_last_edited=&#8221;on|phone&#8221; admin_label=&#8221;connetti sfondo scuro&#8221; _builder_version=&#8221;4.27.4&#8243; _module_preset=&#8221;default&#8221; title_font=&#8221;Montserrat|900|||||||&#8221; title_text_align=&#8221;center&#8221; title_text_color=&#8221;#a9eadf&#8221; title_font_size=&#8221;11vw&#8221; title_letter_spacing=&#8221;5px&#8221; title_line_height=&#8221;2em&#8221; content_text_align=&#8221;left&#8221; subhead_font=&#8221;Archivo||||||||&#8221; subhead_text_align=&#8221;center&#8221; subhead_text_color=&#8221;#FFFFFF&#8221; subhead_font_size=&#8221;22px&#8221; background_color=&#8221;#367da3&#8243; background_image=&#8221;http:\/\/guercifish.appoostar.com\/wp-content\/uploads\/2025\/01\/Progetto-senza-titolo-4.png&#8221; background_size=&#8221;contain&#8221; custom_button_one=&#8221;on&#8221; button_one_text_size=&#8221;25px&#8221; button_one_text_color=&#8221;#a9eadf&#8221; button_one_border_width=&#8221;2px&#8221; button_one_border_color=&#8221;#a9eadf&#8221; button_one_font=&#8221;Archivo|200|||||||&#8221; button_one_icon=&#8221;&#x24;||divi||400&#8243; button_one_icon_color=&#8221;#a9eadf&#8221; button_one_on_hover=&#8221;off&#8221; button_one_custom_margin=&#8221;|||649px|false|false&#8221; button_one_custom_margin_tablet=&#8221;&#8221; button_one_custom_margin_phone=&#8221;|||39px|false|false&#8221; button_one_custom_margin_last_edited=&#8221;on|phone&#8221; custom_padding=&#8221;0px||0px||true|false&#8221; title_font_size_tablet=&#8221;5vw&#8221; title_font_size_phone=&#8221;37px&#8221; title_font_size_last_edited=&#8221;on|phone&#8221; subhead_font_size_tablet=&#8221;22px&#8221; subhead_font_size_phone=&#8221;22px&#8221; subhead_font_size_last_edited=&#8221;on|phone&#8221; background_last_edited=&#8221;on|phone&#8221; background_image_phone=&#8221;http:\/\/guercifish.appoostar.com\/wp-content\/uploads\/2025\/01\/Testo-del-paragrafo-2.png&#8221; background_enable_image_phone=&#8221;on&#8221; button_one_text_size_tablet=&#8221;25px&#8221; button_one_text_size_phone=&#8221;19px&#8221; button_one_text_size_last_edited=&#8221;on|phone&#8221; global_colors_info=&#8221;{}&#8221;][\/et_pb_fullwidth_header][\/et_pb_section]<\/p>\n","protected":false},"excerpt":{"rendered":"","protected":false},"author":3,"featured_media":0,"parent":0,"menu_order":0,"comment_status":"closed","ping_status":"closed","template":"","meta":{"_et_pb_use_builder":"on","_et_pb_old_content":"","_et_gb_content_width":"","footnotes":""},"dipi_cpt_category":[],"class_list":["post-9","page","type-page","status-publish","hentry"],"_links":{"self":[{"href":"https:\/\/gruppoguerci.it\/index.php\/wp-json\/wp\/v2\/pages\/9","targetHints":{"allow":["GET"]}}],"collection":[{"href":"https:\/\/gruppoguerci.it\/index.php\/wp-json\/wp\/v2\/pages"}],"about":[{"href":"https:\/\/gruppoguerci.it\/index.php\/wp-json\/wp\/v2\/types\/page"}],"author":[{"embeddable":true,"href":"https:\/\/gruppoguerci.it\/index.php\/wp-json\/wp\/v2\/users\/3"}],"replies":[{"embeddable":true,"href":"https:\/\/gruppoguerci.it\/index.php\/wp-json\/wp\/v2\/comments?post=9"}],"version-history":[{"count":87,"href":"https:\/\/gruppoguerci.it\/index.php\/wp-json\/wp\/v2\/pages\/9\/revisions"}],"predecessor-version":[{"id":25964557,"href":"https:\/\/gruppoguerci.it\/index.php\/wp-json\/wp\/v2\/pages\/9\/revisions\/25964557"}],"wp:attachment":[{"href":"https:\/\/gruppoguerci.it\/index.php\/wp-json\/wp\/v2\/media?parent=9"}],"wp:term":[{"taxonomy":"dipi_cpt_category","embeddable":true,"href":"https:\/\/gruppoguerci.it\/index.php\/wp-json\/wp\/v2\/dipi_cpt_category?post=9"}],"curies":[{"name":"wp","href":"https:\/\/api.w.org\/{rel}","templated":true}]}}